{"id":1633,"date":"2023-06-06T18:49:19","date_gmt":"2023-06-06T15:49:19","guid":{"rendered":"https:\/\/shop.fenomenair.com\/delight-4\/"},"modified":"2023-06-06T18:58:11","modified_gmt":"2023-06-06T15:58:11","slug":"delight-4","status":"publish","type":"product","link":"https:\/\/shop.fenomenair.com\/en\/delight-4\/","title":{"rendered":"Delight 4"},"content":{"rendered":"<pre class=\"tw-data-text tw-text-large tw-ta\" dir=\"ltr\" data-placeholder=\"\u00c7eviri\"><span class=\"Y2IQFc\" lang=\"tr\">DELIGHT 3'\u00fcn do\u011frudan evrimi olan DELIGHT 4, mesafeler aras\u0131 ilerleme i\u00e7in ideal harnesstir. Mesafe u\u00e7u\u015flar\u0131 i\u00e7in geli\u015ftirilmi\u015f olup, size u\u00e7u\u015fta en iyi ko\u015fullar\u0131 sunmak i\u00e7in pilotlukta konfor, g\u00fcvenlik ve hassasiyet sa\u011flar. G\u00fcven verici ve sezgisel olan DELIGHT 4, performansa do\u011fru ilerlemeye devam etmek isteyen pilotlara y\u00f6neliktir.\n\n<\/span><\/pre>\n<div class=\"selecteur_element\">\n<div class=\"titre_element as_h3\">MATERIALS<\/div>\n<div class=\"selecteur_icon\"><\/div>\n<\/div>\n<div class=\"contenu_element\">\n<div class=\"global_content\">\n<ul>\n<li><strong>Fabrics:<\/strong>\n<ul>\n<li>Aquatech light stretch<\/li>\n<li>Skytex 38G<\/li>\n<li>Taffeta 50D<\/li>\n<\/ul>\n<\/li>\n<li><strong>Straps:<\/strong>\n<ul>\n<li>Polyester 25mm<\/li>\n<li>Polyesther 15mm<\/li>\n<li>Polyamide 20mm<\/li>\n<\/ul>\n<\/li>\n<\/ul>\n<\/div>\n<\/div>\n<pre class=\"tw-data-text tw-text-large tw-ta\" dir=\"ltr\" data-placeholder=\"\u00c7eviri\"><span class=\"Y2IQFc\" lang=\"tr\"> <\/span><\/pre>\n<h2 class=\"titre_bloc\">Technical Data<\/h2>\n<div class=\"conteneur_tableau\">\n<table>\n<thead>\n<tr>\n<th>SIZE OF THE HARNESS<\/th>\n<th>S<\/th>\n<th>M<\/th>\n<th>L<\/th>\n<th>XL<\/th>\n<\/tr>\n<\/thead>\n<tbody>\n<tr>\n<td>PILOT HEIGHT (CM)<\/td>\n<td>155-170<\/td>\n<td>165-180<\/td>\n<td>180-190<\/td>\n<td>&gt;190<\/td>\n<\/tr>\n<tr>\n<td>WEIGHT OF THE PILOT (MINI &#8211; MAXI) (KG)<\/td>\n<td>50-75<\/td>\n<td>70-85<\/td>\n<td>80-100<\/td>\n<td>95-120<\/td>\n<\/tr>\n<tr>\n<td>FLYING WEIGHT RANGE MAX EXCLUDING GLIDERS AND CARABINERS<\/td>\n<td>130 dNa (approx. 130 kg)<\/td>\n<td>130 dNa (approx. 130 kg)<\/td>\n<td>130 dNa (approx. 130 kg)<\/td>\n<td>130 dNa (approx. 130 kg)<\/td>\n<\/tr>\n<tr>\n<td>WEIGHT OF THE HARNESS (KG)<\/td>\n<td>3.62<\/td>\n<td>3.77<\/td>\n<td>4.09<\/td>\n<td>4.17<\/td>\n<\/tr>\n<tr>\n<td>PRACTICE<\/td>\n<td>paraglider only<\/td>\n<td>paraglider only<\/td>\n<td>paraglider only<\/td>\n<td>paraglider only<\/td>\n<\/tr>\n<tr>\n<td>A &#8211; BACK HEIGHT (CM)<\/td>\n<td>58<\/td>\n<td>65<\/td>\n<td>72<\/td>\n<td>76<\/td>\n<\/tr>\n<tr>\n<td>B &#8211; HEIGHT OF THE BACKREST TILT ADJUSTMENT (CM)<\/td>\n<td>35<\/td>\n<td>36.5<\/td>\n<td>41<\/td>\n<td>43<\/td>\n<\/tr>\n<tr>\n<td>C &#8211; LENGTH OF SEAT (CM)<\/td>\n<td>45<\/td>\n<td>45<\/td>\n<td>45<\/td>\n<td>49<\/td>\n<\/tr>\n<tr>\n<td>D &#8211; WIDTH OF SEAT (CM)<\/td>\n<td>33<\/td>\n<td>33<\/td>\n<td>35<\/td>\n<td>37<\/td>\n<\/tr>\n<tr>\n<td>E &#8211; HEIGHT OF ATTACHMENT POINTS (CM)<\/td>\n<td>45<\/td>\n<td>45<\/td>\n<td>46<\/td>\n<td>47<\/td>\n<\/tr>\n<tr>\n<td>F &#8211; DISTANCE BETWEEN POINTS (CM)<\/td>\n<td>38-46<\/td>\n<td>38-46<\/td>\n<td>40-48<\/td>\n<td>42-48<\/td>\n<\/tr>\n<tr>\n<td>G &#8211; LENGTH SPEEDBAG (CM)<\/td>\n<td>77<\/td>\n<td>81<\/td>\n<td>86<\/td>\n<td>98<\/td>\n<\/tr>\n<tr>\n<td>LITRAGE POCKET OF STORAGE DORSAL (L)<\/td>\n<td>42<\/td>\n<td>50<\/td>\n<td>60<\/td>\n<td>68<\/td>\n<\/tr>\n<tr>\n<td>BALLAST BAG CAPACITY (L)<\/td>\n<td>5<\/td>\n<td>5<\/td>\n<td>5.5<\/td>\n<td>5.5<\/td>\n<\/tr>\n<tr>\n<td>DAMPING SYSTEM<\/td>\n<td>BUMPAIR DELIGHT4<\/td>\n<td>BUMPAIR DELIGHT4<\/td>\n<td>BUMPAIR DELIGHT4<\/td>\n<td>BUMPAIR DELIGHT4<\/td>\n<\/tr>\n<tr>\n<td>HOMOLOGATION<\/td>\n<td>Yes: EN 1651+A1, LTF and CE PPE<\/td>\n<td>Yes: EN 1651+A1, LTF and CE PPE<\/td>\n<td>Yes: EN 1651+A1, LTF and CE PPE<\/td>\n<td>Yes: EN 1651+A1, LTF and CE PPE<\/td>\n<\/tr>\n<tr>\n<td>TANDEM (PILOT OR PASSENGER)<\/td>\n<td>No<\/td>\n<td>No<\/td>\n<td>No<\/td>\n<td>No<\/td>\n<\/tr>\n<tr>\n<td>WINCHING<\/td>\n<td>Yes<\/td>\n<td>Yes<\/td>\n<td>Yes<\/td>\n<td>Yes<\/td>\n<\/tr>\n<tr>\n<td>COMPATIBILITY WITH QUICK-OUT CARABINERS<\/td>\n<td>No<\/td>\n<td>No<\/td>\n<td>No<\/td>\n<td>No<\/td>\n<\/tr>\n<tr>\n<td>PARACHUTE POCKET VOLUME<\/td>\n<td>2.9 to 5.5 Liters<\/td>\n<td>2.9 to 5.5 Liters<\/td>\n<td>2.9 to 5.5 Liters<\/td>\n<td>2.9 to 5.5 Liters<\/td>\n<\/tr>\n<\/tbody>\n<\/table>\n<\/div>\n<pre id=\"tw-target-text\" class=\"tw-data-text tw-text-large tw-ta\" dir=\"ltr\" data-placeholder=\"\u00c7eviri\"><span class=\"Y2IQFc\" lang=\"tr\"> <\/span><\/pre>\n","protected":false},"excerpt":{"rendered":"<p>DELIGHT 3&#8217;\u00fcn do\u011frudan evrimi olan DELIGHT 4, mesafeler aras\u0131 ilerleme i\u00e7in ideal harnesstir. Mesafe u\u00e7u\u015flar\u0131 i\u00e7in geli\u015ftirilmi\u015f olup, size u\u00e7u\u015fta en iyi ko\u015fullar\u0131 sunmak i\u00e7in pilotlukta konfor, g\u00fcvenlik ve hassasiyet sa\u011flar. G\u00fcven verici ve sezgisel olan DELIGHT 4, performansa do\u011fru ilerlemeye devam etmek isteyen pilotlara y\u00f6neliktir. MATERIALS Fabrics: Aquatech light stretch Skytex 38G Taffeta 50D [&#8230;]\n","protected":false},"featured_media":9011,"template":"","meta":[],"product_brand":[128222],"product_cat":[128180,128176],"product_tag":[],"class_list":{"0":"post-1633","1":"product","2":"type-product","3":"status-publish","4":"has-post-thumbnail","6":"product_brand-supair","7":"product_cat-distance-xc-flight","8":"product_cat-harness-en","9":"product_shipping_class-orta-agirlik-kargo-ucreti","11":"first","12":"onbackorder","13":"taxable","14":"shipping-taxable","15":"purchasable","16":"product-type-variable"},"exclude_global_add_ons":[],"addons":[],"jetpack_sharing_enabled":true,"_links":{"self":[{"href":"https:\/\/shop.fenomenair.com\/en\/wp-json\/wp\/v2\/product\/1633","targetHints":{"allow":["GET"]}}],"collection":[{"href":"https:\/\/shop.fenomenair.com\/en\/wp-json\/wp\/v2\/product"}],"about":[{"href":"https:\/\/shop.fenomenair.com\/en\/wp-json\/wp\/v2\/types\/product"}],"wp:featuredmedia":[{"embeddable":true,"href":"https:\/\/shop.fenomenair.com\/en\/wp-json\/wp\/v2\/media\/9011"}],"wp:attachment":[{"href":"https:\/\/shop.fenomenair.com\/en\/wp-json\/wp\/v2\/media?parent=1633"}],"wp:term":[{"taxonomy":"product_brand","embeddable":true,"href":"https:\/\/shop.fenomenair.com\/en\/wp-json\/wp\/v2\/product_brand?post=1633"},{"taxonomy":"product_cat","embeddable":true,"href":"https:\/\/shop.fenomenair.com\/en\/wp-json\/wp\/v2\/product_cat?post=1633"},{"taxonomy":"product_tag","embeddable":true,"href":"https:\/\/shop.fenomenair.com\/en\/wp-json\/wp\/v2\/product_tag?post=1633"}],"curies":[{"name":"wp","href":"https:\/\/api.w.org\/{rel}","templated":true}]}}