{"id":1614,"date":"2023-06-06T18:23:58","date_gmt":"2023-06-06T15:23:58","guid":{"rendered":"https:\/\/shop.fenomenair.com\/delight4-sport\/"},"modified":"2024-11-30T00:02:31","modified_gmt":"2024-11-29T21:02:31","slug":"delight4-sport","status":"publish","type":"product","link":"https:\/\/shop.fenomenair.com\/en\/delight4-sport\/","title":{"rendered":"DELIGHT4 SPORT"},"content":{"rendered":"<pre class=\"tw-data-text tw-text-large tw-ta\" dir=\"ltr\" data-placeholder=\"\u00c7eviri\"><span class=\"Y2IQFc\" lang=\"tr\">DELIGHT'\u0131n spor versiyonundaki nesli, Supair'e g\u00f6re XC harnesslerini yeniden icat ediyor.\nDELIGHT 4 SPORT, ilk \u00fc\u00e7 DELIGHT'\u0131n ba\u015far\u0131s\u0131n\u0131 sa\u011flayan kullan\u0131m konforunu ve basitli\u011fini miras al\u0131yorsa, aerodinamik kaplamas\u0131 ve pilotluktaki hassasiyeti, onu iddial\u0131 arazi u\u00e7u\u015flar\u0131 i\u00e7in tasarlanm\u0131\u015f bir performans harness'i haline getiriyor.\n\n<\/span><\/pre>\n<pre class=\"tw-data-text tw-text-large tw-ta\" dir=\"ltr\" data-placeholder=\"\u00c7eviri\"><span class=\"Y2IQFc\" lang=\"tr\">DELIGHT 4 SPORT'un geli\u015ftirilmesinin merkezinde g\u00fcvenlik yer al\u0131r. DELIGHT 3'ten daha yeni, daha hafif bir BUMPAIR ile donat\u0131lan emniyet kemeri, maksimum g\u00fcvenlik i\u00e7in y\u00fcksek performansl\u0131 koruma sa\u011flar. \u0130ki par\u00e7aya b\u00f6l\u00fcnm\u00fc\u015f bir fermuar, s\u0131rt \u00e7antas\u0131nda basit ve kompakt bir saklama i\u00e7in koruman\u0131n d\u00fcz bir \u015fekilde a\u00e7\u0131lmas\u0131n\u0131 sa\u011flar. Ayn\u0131 maksimum pasif g\u00fcvenlik fikrinde, g\u00f6bek kemerinin \u00e7ift emniyeti i\u00e7in yeni standartlara (450 kg) g\u00f6re onaylanm\u0131\u015f bir d\u00fc\u015fme \u00f6nleyici sistem kullan\u0131l\u0131r.\n<\/span><\/pre>\n<ul>\n<li><strong>Fabrics:<\/strong>\n<ul>\n<li>Aquatech light stretch<\/li>\n<li>Skytex 38G<\/li>\n<li>Taffeta 50D<\/li>\n<\/ul>\n<\/li>\n<li><strong>Straps:<\/strong>\n<ul>\n<li>Polyester 25mm<\/li>\n<li>Polyesther 15mm<\/li>\n<li>Polyamide 20mm<\/li>\n<\/ul>\n<\/li>\n<li>\n<\/li>\n<\/ul>\n<table>\n<thead>\n<tr>\n<th>SIZE OF THE HARNESS<\/th>\n<th>S<\/th>\n<th>M<\/th>\n<th>L<\/th>\n<th>XL<\/th>\n<\/tr>\n<\/thead>\n<tbody>\n<tr>\n<td>PILOT HEIGHT (CM)<\/td>\n<td>155-170<\/td>\n<td>165-180<\/td>\n<td>180-190<\/td>\n<td>&gt;190<\/td>\n<\/tr>\n<tr>\n<td>WEIGHT OF THE PILOT (MINI &#8211; MAXI) (KG)<\/td>\n<td>50-75<\/td>\n<td>70-85<\/td>\n<td>80-100<\/td>\n<td>95-120<\/td>\n<\/tr>\n<tr>\n<td>FLYING WEIGHT RANGE MAX EXCLUDING GLIDERS AND CARABINERS<\/td>\n<td>130 dNa (approx. 130 kg)<\/td>\n<td>130 dNa (approx. 130 kg)<\/td>\n<td>130 dNa (approx. 130 kg)<\/td>\n<td>130 dNa (approx. 130 kg)<\/td>\n<\/tr>\n<tr>\n<td>WEIGHT OF THE HARNESS (KG)<\/td>\n<td>3.62<\/td>\n<td>3.77<\/td>\n<td>4.09<\/td>\n<td>4.17<\/td>\n<\/tr>\n<tr>\n<td>PRACTICE<\/td>\n<td>paraglider only<\/td>\n<td>paraglider only<\/td>\n<td>paraglider only<\/td>\n<td>paraglider only<\/td>\n<\/tr>\n<tr>\n<td>A &#8211; BACK HEIGHT (CM)<\/td>\n<td>58<\/td>\n<td>65<\/td>\n<td>72<\/td>\n<td>76<\/td>\n<\/tr>\n<tr>\n<td>B &#8211; HEIGHT OF THE BACKREST TILT ADJUSTMENT (CM)<\/td>\n<td>35<\/td>\n<td>36.5<\/td>\n<td>41<\/td>\n<td>43<\/td>\n<\/tr>\n<tr>\n<td>C &#8211; LENGTH OF SEAT (CM)<\/td>\n<td>45<\/td>\n<td>45<\/td>\n<td>45<\/td>\n<td>49<\/td>\n<\/tr>\n<tr>\n<td>D &#8211; WIDTH OF SEAT (CM)<\/td>\n<td>33<\/td>\n<td>33<\/td>\n<td>35<\/td>\n<td>37<\/td>\n<\/tr>\n<tr>\n<td>E &#8211; HEIGHT OF ATTACHMENT POINTS (CM)<\/td>\n<td>45<\/td>\n<td>45<\/td>\n<td>46<\/td>\n<td>47<\/td>\n<\/tr>\n<tr>\n<td>F &#8211; DISTANCE BETWEEN POINTS (CM)<\/td>\n<td>38-46<\/td>\n<td>38-46<\/td>\n<td>40-48<\/td>\n<td>42-48<\/td>\n<\/tr>\n<tr>\n<td>G &#8211; LENGTH SPEEDBAG (CM)<\/td>\n<td>77<\/td>\n<td>81<\/td>\n<td>86<\/td>\n<td>98<\/td>\n<\/tr>\n<tr>\n<td>LITRAGE POCKET OF STORAGE DORSAL (L)<\/td>\n<td>21<\/td>\n<td>22<\/td>\n<td>27<\/td>\n<td><\/td>\n<\/tr>\n<tr>\n<td>BALLAST BAG CAPACITY (L)<\/td>\n<td>5<\/td>\n<td>5<\/td>\n<td>5.5<\/td>\n<td><\/td>\n<\/tr>\n<tr>\n<td>DAMPING SYSTEM<\/td>\n<td>BUMPAIR DELIGHT4<\/td>\n<td>BUMPAIR DELIGHT4<\/td>\n<td>BUMPAIR DELIGHT4<\/td>\n<td>BUMPAIR DELIGHT4<\/td>\n<\/tr>\n<tr>\n<td>HOMOLOGATION<\/td>\n<td>Yes: EN 1651+A1, LTF and CE PPE<\/td>\n<td>Yes: EN 1651+A1, LTF and CE PPE<\/td>\n<td>Yes: EN 1651+A1, LTF and CE PPE<\/td>\n<td>Yes: EN 1651+A1, LTF and CE PPE<\/td>\n<\/tr>\n<tr>\n<td>TANDEM (PILOT OR PASSENGER)<\/td>\n<td>No<\/td>\n<td>No<\/td>\n<td>No<\/td>\n<td>No<\/td>\n<\/tr>\n<tr>\n<td>WINCHING<\/td>\n<td>Yes<\/td>\n<td>Yes<\/td>\n<td>Yes<\/td>\n<td>Yes<\/td>\n<\/tr>\n<tr>\n<td>COMPATIBILITY WITH QUICK-OUT CARABINERS<\/td>\n<td>No<\/td>\n<td>No<\/td>\n<td>No<\/td>\n<td>No<\/td>\n<\/tr>\n<tr>\n<td>PARACHUTE POCKET VOLUME<\/td>\n<td>2.9 to 5.5 Liters<\/td>\n<td>2.9 to 5.5 Liters<\/td>\n<td>2.9 to 5.5 Liters<\/td>\n<td>2.9 to 5.5 Liters<\/td>\n<\/tr>\n<\/tbody>\n<\/table>\n<pre id=\"tw-target-text\" class=\"tw-data-text tw-text-large tw-ta\" dir=\"ltr\" data-placeholder=\"\u00c7eviri\"><span class=\"Y2IQFc\" lang=\"tr\"> <\/span><\/pre>\n","protected":false},"excerpt":{"rendered":"<p>DELIGHT&#8217;\u0131n spor versiyonundaki nesli, Supair&#8217;e g\u00f6re XC harnesslerini yeniden icat ediyor. DELIGHT 4 SPORT, ilk \u00fc\u00e7 DELIGHT&#8217;\u0131n ba\u015far\u0131s\u0131n\u0131 sa\u011flayan kullan\u0131m konforunu ve basitli\u011fini miras al\u0131yorsa, aerodinamik kaplamas\u0131 ve pilotluktaki hassasiyeti, onu iddial\u0131 arazi u\u00e7u\u015flar\u0131 i\u00e7in tasarlanm\u0131\u015f bir performans harness&#8217;i haline getiriyor. DELIGHT 4 SPORT&#8217;un geli\u015ftirilmesinin merkezinde g\u00fcvenlik yer al\u0131r. DELIGHT 3&#8217;ten daha yeni, daha hafif [&#8230;]\n","protected":false},"featured_media":9075,"template":"","meta":[],"product_brand":[128222],"product_cat":[128180,128176],"product_tag":[],"class_list":{"0":"post-1614","1":"product","2":"type-product","3":"status-publish","4":"has-post-thumbnail","6":"product_brand-supair","7":"product_cat-distance-xc-flight","8":"product_cat-harness-en","9":"product_shipping_class-orta-agirlik-kargo-ucreti","11":"first","12":"onbackorder","13":"taxable","14":"shipping-taxable","15":"purchasable","16":"product-type-variable"},"exclude_global_add_ons":[],"addons":[],"jetpack_sharing_enabled":true,"_links":{"self":[{"href":"https:\/\/shop.fenomenair.com\/en\/wp-json\/wp\/v2\/product\/1614","targetHints":{"allow":["GET"]}}],"collection":[{"href":"https:\/\/shop.fenomenair.com\/en\/wp-json\/wp\/v2\/product"}],"about":[{"href":"https:\/\/shop.fenomenair.com\/en\/wp-json\/wp\/v2\/types\/product"}],"wp:featuredmedia":[{"embeddable":true,"href":"https:\/\/shop.fenomenair.com\/en\/wp-json\/wp\/v2\/media\/9075"}],"wp:attachment":[{"href":"https:\/\/shop.fenomenair.com\/en\/wp-json\/wp\/v2\/media?parent=1614"}],"wp:term":[{"taxonomy":"product_brand","embeddable":true,"href":"https:\/\/shop.fenomenair.com\/en\/wp-json\/wp\/v2\/product_brand?post=1614"},{"taxonomy":"product_cat","embeddable":true,"href":"https:\/\/shop.fenomenair.com\/en\/wp-json\/wp\/v2\/product_cat?post=1614"},{"taxonomy":"product_tag","embeddable":true,"href":"https:\/\/shop.fenomenair.com\/en\/wp-json\/wp\/v2\/product_tag?post=1614"}],"curies":[{"name":"wp","href":"https:\/\/api.w.org\/{rel}","templated":true}]}}